{"id":148595,"date":"2021-03-19T11:24:19","date_gmt":"2021-03-19T11:24:19","guid":{"rendered":"https:\/\/zmijanje.design\/o-nama\/"},"modified":"2025-11-26T17:51:09","modified_gmt":"2025-11-26T17:51:09","slug":"o-nama","status":"publish","type":"page","link":"https:\/\/zmijanje.design\/bs\/o-nama\/","title":{"rendered":"O nama"},"content":{"rendered":"<div class=\"wpb-content-wrapper\"><p>[vc_row row_height_percent=&#8221;0&#8221; override_padding=&#8221;yes&#8221; h_padding=&#8221;2&#8221; top_padding=&#8221;7&#8221; bottom_padding=&#8221;7&#8221; back_color=&#8221;color-xsdn&#8221; overlay_alpha=&#8221;50&#8221; gutter_size=&#8221;4&#8221; column_width_percent=&#8221;100&#8221; shift_y=&#8221;0&#8221; z_index=&#8221;0&#8221;][vc_column column_width_percent=&#8221;100&#8221; gutter_size=&#8221;3&#8221; overlay_alpha=&#8221;50&#8221; shift_x=&#8221;0&#8221; shift_y=&#8221;0&#8221; shift_y_down=&#8221;0&#8221; z_index=&#8221;0&#8221; medium_visibility=&#8221;yes&#8221; medium_width=&#8221;0&#8221; mobile_visibility=&#8221;yes&#8221; mobile_width=&#8221;0&#8221; width=&#8221;3\/12&#8221; uncode_shortcode_id=&#8221;127371&#8221;][\/vc_column][vc_column width=&#8221;9\/12&#8221;][vc_custom_heading heading_semantic=&#8221;h1&#8221; text_font=&#8221;font-165032&#8221; text_size=&#8221;fontsize-155944&#8221; text_weight=&#8221;400&#8221; text_height=&#8221;fontheight-357766&#8221; uncode_shortcode_id=&#8221;137677&#8221;]\u201eRad na naslje\u0111u Zmijanja do\u017eivljavam kao odgovornost prema svojim precima i zavje\u0161tanje potomcima. Ovo je moja snaga i ujedno na\u010din kako se suo\u010davam sa svim izazovima i neda\u0107ama, kako ih prevazilazim &#8211; motivacije koje nadilaze li\u010dnu korist i dobijaju smisao u vremenu koje dolazi.\u201c[\/vc_custom_heading][vc_column_text uncode_shortcode_id=&#8221;159406&#8221;]<\/p>\n<p style=\"text-align: right;\"><span class=\"font-165032\"><a href=\"https:\/\/www.linkedin.com\/in\/aleksandra-ivankovic\/\" target=\"_blank\" rel=\"noopener\">Aleksandra Ivankovi\u0107<\/a>, tvorac ZMIJANJE.design-a<\/span><\/p>\n<p>[\/vc_column_text][\/vc_column][\/vc_row][vc_row unlock_row_content=&#8221;yes&#8221; row_height_percent=&#8221;0&#8221; override_padding=&#8221;yes&#8221; h_padding=&#8221;3&#8221; top_padding=&#8221;5&#8221; bottom_padding=&#8221;5&#8221; overlay_alpha=&#8221;50&#8221; gutter_size=&#8221;4&#8221; column_width_percent=&#8221;100&#8221; shift_y=&#8221;0&#8221; z_index=&#8221;0&#8221; enable_top_divider=&#8221;default&#8221; top_divider=&#8221;step_1_2&#8221; shape_top_h_use_pixel=&#8221;true&#8221; shape_top_height_percent=&#8221;100&#8221; shape_top_color=&#8221;color-lxmt&#8221; shape_top_opacity=&#8221;100&#8221; shape_top_index=&#8221;0&#8221;][vc_column column_width_percent=&#8221;100&#8221; gutter_size=&#8221;3&#8221; font_family=&#8221;font-165032&#8221; overlay_alpha=&#8221;50&#8221; shift_x=&#8221;0&#8221; shift_y=&#8221;0&#8221; shift_y_down=&#8221;0&#8221; z_index=&#8221;0&#8221; medium_width=&#8221;4&#8221; mobile_width=&#8221;0&#8221; parallax_intensity=&#8221;3&#8221; parallax_centered=&#8221;yes&#8221; width=&#8221;6\/12&#8221; uncode_shortcode_id=&#8221;200176&#8221;][vc_single_image media=&#8221;146837&#8221; media_width_percent=&#8221;100&#8221; media_ratio=&#8221;one-one&#8221; uncode_shortcode_id=&#8221;576968&#8221;][uncode_vertical_text text_align=&#8221;top&#8221; position=&#8221;right&#8221; flip=&#8221;yes&#8221; vertical_text_h_pos=&#8221;2&#8221; vertical_text_v_pos=&#8221;0&#8221; z_index=&#8221;0&#8221; uncode_shortcode_id=&#8221;201295&#8221;]2017 \u2e3b[\/uncode_vertical_text][\/vc_column][vc_column column_width_percent=&#8221;100&#8221; position_vertical=&#8221;middle&#8221; gutter_size=&#8221;3&#8221; overlay_alpha=&#8221;50&#8221; shift_x=&#8221;0&#8221; shift_y=&#8221;0&#8221; shift_y_down=&#8221;0&#8221; z_index=&#8221;0&#8221; medium_width=&#8221;2&#8221; mobile_width=&#8221;0&#8221; parallax_intensity=&#8221;2&#8221; parallax_centered=&#8221;yes&#8221; width=&#8221;4\/12&#8221; uncode_shortcode_id=&#8221;144856&#8221;][vc_single_image media=&#8221;146849&#8221; media_width_percent=&#8221;100&#8221; media_ratio=&#8221;three-two&#8221; uncode_shortcode_id=&#8221;591014&#8221;][\/vc_column][\/vc_row][vc_row row_height_percent=&#8221;0&#8221; override_padding=&#8221;yes&#8221; h_padding=&#8221;2&#8221; top_padding=&#8221;3&#8221; bottom_padding=&#8221;3&#8221; overlay_alpha=&#8221;50&#8221; gutter_size=&#8221;4&#8221; column_width_percent=&#8221;100&#8221; shift_y=&#8221;0&#8221; z_index=&#8221;0&#8221;][vc_column column_width_percent=&#8221;100&#8221; gutter_size=&#8221;3&#8221; overlay_alpha=&#8221;50&#8221; shift_x=&#8221;0&#8221; shift_y=&#8221;0&#8221; shift_y_down=&#8221;0&#8221; z_index=&#8221;0&#8221; medium_visibility=&#8221;yes&#8221; medium_width=&#8221;0&#8221; mobile_visibility=&#8221;yes&#8221; mobile_width=&#8221;0&#8221; width=&#8221;3\/12&#8221; uncode_shortcode_id=&#8221;811114&#8221;][\/vc_column][vc_column column_width_percent=&#8221;100&#8221; gutter_size=&#8221;3&#8221; font_family=&#8221;font-165032&#8221; overlay_alpha=&#8221;50&#8221; shift_x=&#8221;0&#8221; shift_y=&#8221;0&#8221; shift_y_down=&#8221;0&#8221; z_index=&#8221;0&#8221; medium_width=&#8221;0&#8221; mobile_width=&#8221;0&#8221; width=&#8221;6\/12&#8221; uncode_shortcode_id=&#8221;151687&#8221;][vc_custom_heading text_font=&#8221;font-165032&#8221; text_size=&#8221;h3&#8221; text_weight=&#8221;400&#8221; text_height=&#8221;fontheight-357766&#8221; uncode_shortcode_id=&#8221;514291&#8221;]O nama[\/vc_custom_heading][vc_column_text text_lead=&#8221;yes&#8221; uncode_shortcode_id=&#8221;191079&#8221;]ZMIJANJE.design je interdisciplinarni istra\u017eiva\u010dki i kreativni &#8220;poduhvat&#8221; koji je duboko posve\u0107en o\u010duvanju, dokumentovanju i savremenoj interpretaciji Zmijanjskog veza, narodnog stvarala\u0161tva koje je UNESKO uvrstio na svoju Reprezentativnu listu nematerijalnog kulturnog naslje\u0111a 2014. godine. Zmijanjski vez nosi va\u017eane aspekte identiteta plemena koje vijekovima naseljava podru\u010dje istorijskog Zmijanja, a cilj na\u0161eg rada je da obezb\u0458edi njegov kontinuiran legat.<\/p>\n<p>Prvobitno zami\u0161ljen kao jednogodi\u0161nji projekat 2017. godine, ZMIJANJE.design se vremenom prirodno razvio u platformu i brend, postepeno \u0161ire\u0107i svoj obim i uticaj. Projekat sada slu\u017ei kao prostor koji integri\u0161e bogate tradicionalne vrijednosti sa savremenim metodologijama dizajna i inovativnom kulturnom produkcijom, spajaju\u0107i stare i nove tehnike kako bi stvorio uslove za dinami\u010dno i \u017eivo naslje\u0111e.[\/vc_column_text][\/vc_column][vc_column column_width_percent=&#8221;100&#8221; gutter_size=&#8221;3&#8221; overlay_alpha=&#8221;50&#8221; shift_x=&#8221;0&#8221; shift_y=&#8221;0&#8221; shift_y_down=&#8221;0&#8221; z_index=&#8221;0&#8221; medium_visibility=&#8221;yes&#8221; medium_width=&#8221;0&#8221; mobile_visibility=&#8221;yes&#8221; mobile_width=&#8221;0&#8221; width=&#8221;3\/12&#8221; uncode_shortcode_id=&#8221;151921&#8221;][\/vc_column][\/vc_row][vc_row row_height_percent=&#8221;0&#8221; override_padding=&#8221;yes&#8221; h_padding=&#8221;2&#8221; top_padding=&#8221;5&#8221; bottom_padding=&#8221;5&#8221; overlay_alpha=&#8221;50&#8221; gutter_size=&#8221;4&#8221; column_width_percent=&#8221;100&#8221; shift_y=&#8221;0&#8221; z_index=&#8221;0&#8221; enable_top_divider=&#8221;default&#8221; top_divider=&#8221;step_3_4&#8221; shape_top_flip=&#8221;yes&#8221; shape_top_h_use_pixel=&#8221;true&#8221; shape_top_height_percent=&#8221;100&#8221; shape_top_color=&#8221;color-lxmt&#8221; shape_top_opacity=&#8221;100&#8221; shape_top_index=&#8221;0&#8221;][vc_column column_width_percent=&#8221;100&#8221; position_vertical=&#8221;middle&#8221; gutter_size=&#8221;3&#8221; font_family=&#8221;font-165032&#8221; overlay_alpha=&#8221;50&#8221; shift_x=&#8221;0&#8221; shift_y=&#8221;0&#8221; shift_y_down=&#8221;0&#8221; z_index=&#8221;0&#8221; medium_width=&#8221;4&#8221; mobile_width=&#8221;0&#8221; parallax_intensity=&#8221;5&#8221; width=&#8221;5\/12&#8221; uncode_shortcode_id=&#8221;163249&#8221;][vc_single_image media=&#8221;146871&#8221; media_width_percent=&#8221;100&#8221; media_ratio=&#8221;one-one&#8221; uncode_shortcode_id=&#8221;165004&#8221;][uncode_vertical_text text_align=&#8221;top&#8221; vertical_text_h_pos=&#8221;-2&#8221; vertical_text_v_pos=&#8221;0&#8221; z_index=&#8221;0&#8221; uncode_shortcode_id=&#8221;139026&#8221;]Digitalna \u0161ema Zmijanjskog veza[\/uncode_vertical_text][\/vc_column][vc_column column_width_percent=&#8221;100&#8221; gutter_size=&#8221;3&#8221; overlay_alpha=&#8221;50&#8221; shift_x=&#8221;0&#8221; shift_y=&#8221;0&#8221; shift_y_down=&#8221;0&#8221; z_index=&#8221;0&#8221; medium_width=&#8221;4&#8221; align_mobile=&#8221;align_left_mobile&#8221; mobile_width=&#8221;7&#8221; parallax_intensity=&#8221;2&#8221; width=&#8221;7\/12&#8221; uncode_shortcode_id=&#8221;823642&#8221;][vc_row_inner limit_content=&#8221;&#8221;][vc_column_inner column_width_percent=&#8221;100&#8221; gutter_size=&#8221;3&#8221; overlay_alpha=&#8221;50&#8221; shift_x=&#8221;0&#8221; shift_y=&#8221;0&#8221; shift_y_down=&#8221;0&#8221; z_index=&#8221;0&#8221; medium_visibility=&#8221;yes&#8221; medium_width=&#8221;0&#8221; mobile_visibility=&#8221;yes&#8221; mobile_width=&#8221;0&#8221; width=&#8221;1\/1&#8221; uncode_shortcode_id=&#8221;142445&#8221;][vc_custom_heading uncode_shortcode_id=&#8221;395285&#8221;]Zmijanjski vez, kao jedinstven oblik vizuelnog izra\u017eavanja, odra\u017eava ne samo estetske vrijednosti, ve\u0107 i slo\u017eene simboli\u010dke, sociokulturne i ontolo\u0161ke dimenzije identiteta. Kroz detaljnu analizu struktura, kompozicija i zna\u010denja, ZMIJANJE.design nastoji da potvrdi njegovu vrijednost i pru\u017ei smjernice u savremenom kontekstu, stvaraju\u0107i most izme\u0111u naslje\u0111a i inovacije.[\/vc_custom_heading][\/vc_column_inner][\/vc_row_inner][vc_single_image media=&#8221;146861&#8221; media_width_percent=&#8221;100&#8221; media_ratio=&#8221;one-one&#8221; uncode_shortcode_id=&#8221;697998&#8221;][\/vc_column][\/vc_row][vc_row row_height_percent=&#8221;0&#8221; override_padding=&#8221;yes&#8221; h_padding=&#8221;2&#8221; top_padding=&#8221;3&#8221; bottom_padding=&#8221;7&#8221; overlay_alpha=&#8221;50&#8221; gutter_size=&#8221;4&#8221; column_width_percent=&#8221;100&#8221; shift_y=&#8221;0&#8221; z_index=&#8221;0&#8221;][vc_column column_width_percent=&#8221;100&#8221; gutter_size=&#8221;3&#8221; overlay_alpha=&#8221;50&#8221; shift_x=&#8221;0&#8221; shift_y=&#8221;0&#8221; shift_y_down=&#8221;0&#8221; z_index=&#8221;0&#8221; medium_visibility=&#8221;yes&#8221; medium_width=&#8221;0&#8221; mobile_visibility=&#8221;yes&#8221; mobile_width=&#8221;0&#8221; width=&#8221;1\/4&#8221; uncode_shortcode_id=&#8221;204704&#8221;][\/vc_column][vc_column column_width_percent=&#8221;100&#8221; gutter_size=&#8221;3&#8221; font_family=&#8221;font-165032&#8221; overlay_alpha=&#8221;50&#8221; shift_x=&#8221;0&#8221; shift_y=&#8221;0&#8221; shift_y_down=&#8221;0&#8221; z_index=&#8221;0&#8221; medium_width=&#8221;0&#8221; mobile_width=&#8221;0&#8221; width=&#8221;1\/2&#8221; uncode_shortcode_id=&#8221;101117&#8221;][vc_column_text text_lead=&#8221;yes&#8221; uncode_shortcode_id=&#8221;154754&#8221;]Fokusirani na o\u010duvanje i promociju kulturnog naslje\u0111a Zmijanja:<\/p>\n<ul>\n<li>Prikupljamo, digitalizujemo i \u0161titimo motive tradicionalnog veza i drugih ornamenata kako bismo o\u010duvali njihovu autenti\u010dnost.<\/li>\n<li>Sara\u0111ujemo sa univerzitetima, muzejima, institucijama, organizacijama, umjetnicima, zanatlijama, dizajnerima i istra\u017eiva\u010dima kako bismo prenijeli znanje i omogu\u0107ili bolje razumjevanje i o\u010duvanje ovog kulturnog naslje\u0111a.<\/li>\n<li>Dizajniramo i izra\u0111ujemo odje\u0107u, modne dodatke i druge proizvode sa tradicionalnim motivima predstavljenim u savremenom kontekstu.<\/li>\n<li>Te\u017eimo da pove\u017eemo vezilje sa kreativnom industrijom kako bismo omogu\u0107ili odr\u017eivu i eti\u010dku izradu visokokvalitetnih proizvoda sa ru\u010dnim vezom.<\/li>\n<li>Odr\u017eavamo gostuju\u0107a predavanja i organizujemo kulturne doga\u0111aje kako bismo podigli svijest o zna\u010daju Zmijanjskog veza.<\/li>\n<\/ul>\n<p>[\/vc_column_text][\/vc_column][vc_column width=&#8221;1\/4&#8221;][\/vc_column][\/vc_row][vc_row row_height_percent=&#8221;0&#8221; overlay_alpha=&#8221;50&#8221; gutter_size=&#8221;3&#8221; column_width_percent=&#8221;100&#8221; shift_y=&#8221;0&#8221; z_index=&#8221;0&#8221; content_parallax=&#8221;0&#8221; uncode_shortcode_id=&#8221;148945&#8221;][vc_column width=&#8221;2\/3&#8221;][vc_custom_heading uncode_shortcode_id=&#8221;213079&#8221;]<span class=\"font-165032\">ZMIJANJE.design nastavlja da se razvija kroz istra\u017eivanje, dokumentovanje i razvoj novih projekata i proizvoda. Sve ovo ne samo da bi se osiguralo o\u010duvanje Zmijanjskog veza, ve\u0107 i da bi se podigla njegova prepoznatljivost u globalnom kontekstu kulturnog naslje\u0111a, dizajna i umjetnosti. <\/span>[\/vc_custom_heading][\/vc_column][vc_column width=&#8221;1\/3&#8221;][\/vc_column][\/vc_row]<\/p>\n<\/div>","protected":false},"excerpt":{"rendered":"<p>[vc_row row_height_percent=&#8221;0&#8221; override_padding=&#8221;yes&#8221; h_padding=&#8221;2&#8221; top_padding=&#8221;7&#8221; bottom_padding=&#8221;7&#8221; back_color=&#8221;color-xsdn&#8221; overlay_alpha=&#8221;50&#8221; gutter_size=&#8221;4&#8221; column_width_percent=&#8221;100&#8221; shift_y=&#8221;0&#8221; z_index=&#8221;0&#8221;][vc_column column_width_percent=&#8221;100&#8221; gutter_size=&#8221;3&#8221; overlay_alpha=&#8221;50&#8221; shift_x=&#8221;0&#8221; shift_y=&#8221;0&#8221; shift_y_down=&#8221;0&#8221; z_index=&#8221;0&#8221; medium_visibility=&#8221;yes&#8221; [&hellip;]<\/p>\n","protected":false},"author":1,"featured_media":0,"parent":0,"menu_order":0,"comment_status":"closed","ping_status":"closed","template":"","meta":{"footnotes":""},"class_list":["post-148595","page","type-page","status-publish","hentry"],"yoast_head":"<!-- This site is optimized with the Yoast SEO plugin v27.5 - https:\/\/yoast.com\/product\/yoast-seo-wordpress\/ -->\n<title>O nama &#8226; ZMIJANJE.design<\/title>\n<meta name=\"description\" content=\"ZMIJANJE.design je interdisciplinarni \u201cpoduhvat\u201d koji je posve\u0107en o\u010duvanju, dokumentovanju i savremenoj interpretaciji Zmijanjskog veza.\" \/>\n<meta name=\"robots\" content=\"index, follow, max-snippet:-1, max-image-preview:large, max-video-preview:-1\" \/>\n<link rel=\"canonical\" href=\"https:\/\/zmijanje.design\/bs\/o-nama\/\" \/>\n<meta property=\"og:locale\" content=\"bs_BA\" \/>\n<meta property=\"og:type\" content=\"article\" \/>\n<meta property=\"og:title\" content=\"O nama &#8226; ZMIJANJE.design\" \/>\n<meta property=\"og:description\" content=\"ZMIJANJE.design je interdisciplinarni \u201cpoduhvat\u201d koji je posve\u0107en o\u010duvanju, dokumentovanju i savremenoj interpretaciji Zmijanjskog veza.\" \/>\n<meta property=\"og:url\" content=\"https:\/\/zmijanje.design\/bs\/o-nama\/\" \/>\n<meta property=\"og:site_name\" content=\"ZMIJANJE.design\" \/>\n<meta property=\"article:publisher\" content=\"https:\/\/www.facebook.com\/zmijanje.design\/\" \/>\n<meta property=\"article:modified_time\" content=\"2025-11-26T17:51:09+00:00\" \/>\n<meta name=\"twitter:card\" content=\"summary_large_image\" \/>\n<meta name=\"twitter:label1\" content=\"Est. reading time\" \/>\n\t<meta name=\"twitter:data1\" content=\"3 minute\" \/>\n<script type=\"application\/ld+json\" class=\"yoast-schema-graph\">{\"@context\":\"https:\\\/\\\/schema.org\",\"@graph\":[{\"@type\":\"WebPage\",\"@id\":\"https:\\\/\\\/zmijanje.design\\\/bs\\\/o-nama\\\/\",\"url\":\"https:\\\/\\\/zmijanje.design\\\/bs\\\/o-nama\\\/\",\"name\":\"O nama &#8226; ZMIJANJE.design\",\"isPartOf\":{\"@id\":\"https:\\\/\\\/zmijanje.design\\\/bs\\\/#website\"},\"datePublished\":\"2021-03-19T11:24:19+00:00\",\"dateModified\":\"2025-11-26T17:51:09+00:00\",\"description\":\"ZMIJANJE.design je interdisciplinarni \u201cpoduhvat\u201d koji je posve\u0107en o\u010duvanju, dokumentovanju i savremenoj interpretaciji Zmijanjskog veza.\",\"breadcrumb\":{\"@id\":\"https:\\\/\\\/zmijanje.design\\\/bs\\\/o-nama\\\/#breadcrumb\"},\"inLanguage\":\"bs-BA\",\"potentialAction\":[{\"@type\":\"ReadAction\",\"target\":[\"https:\\\/\\\/zmijanje.design\\\/bs\\\/o-nama\\\/\"]}]},{\"@type\":\"BreadcrumbList\",\"@id\":\"https:\\\/\\\/zmijanje.design\\\/bs\\\/o-nama\\\/#breadcrumb\",\"itemListElement\":[{\"@type\":\"ListItem\",\"position\":1,\"name\":\"Po\u010detna\",\"item\":\"https:\\\/\\\/zmijanje.design\\\/bs\\\/pocetna\\\/\"},{\"@type\":\"ListItem\",\"position\":2,\"name\":\"O nama\"}]},{\"@type\":\"WebSite\",\"@id\":\"https:\\\/\\\/zmijanje.design\\\/bs\\\/#website\",\"url\":\"https:\\\/\\\/zmijanje.design\\\/bs\\\/\",\"name\":\"ZMIJANJE.design\",\"description\":\"Autenti\u010dno savremeno naslje\u0111e\",\"publisher\":{\"@id\":\"https:\\\/\\\/zmijanje.design\\\/bs\\\/#organization\"},\"potentialAction\":[{\"@type\":\"SearchAction\",\"target\":{\"@type\":\"EntryPoint\",\"urlTemplate\":\"https:\\\/\\\/zmijanje.design\\\/bs\\\/?s={search_term_string}\"},\"query-input\":{\"@type\":\"PropertyValueSpecification\",\"valueRequired\":true,\"valueName\":\"search_term_string\"}}],\"inLanguage\":\"bs-BA\"},{\"@type\":\"Organization\",\"@id\":\"https:\\\/\\\/zmijanje.design\\\/bs\\\/#organization\",\"name\":\"ZMIJANJE.design\",\"url\":\"https:\\\/\\\/zmijanje.design\\\/bs\\\/\",\"logo\":{\"@type\":\"ImageObject\",\"inLanguage\":\"bs-BA\",\"@id\":\"https:\\\/\\\/zmijanje.design\\\/bs\\\/#\\\/schema\\\/logo\\\/image\\\/\",\"url\":\"https:\\\/\\\/zmijanje.design\\\/wp-content\\\/uploads\\\/2025\\\/03\\\/ZMIJANJE.design-LOGO-Crni.png\",\"contentUrl\":\"https:\\\/\\\/zmijanje.design\\\/wp-content\\\/uploads\\\/2025\\\/03\\\/ZMIJANJE.design-LOGO-Crni.png\",\"width\":127,\"height\":127,\"caption\":\"ZMIJANJE.design\"},\"image\":{\"@id\":\"https:\\\/\\\/zmijanje.design\\\/bs\\\/#\\\/schema\\\/logo\\\/image\\\/\"},\"sameAs\":[\"https:\\\/\\\/www.facebook.com\\\/zmijanje.design\\\/\",\"https:\\\/\\\/www.instagram.com\\\/zmijanje.design\\\/\",\"https:\\\/\\\/www.pinterest.com\\\/zmijanjedesign\\\/\",\"https:\\\/\\\/www.youtube.com\\\/watch?v=9vFj3YOwMM0\",\"https:\\\/\\\/www.flickr.com\\\/photos\\\/zmijanjedesign\\\/albums\"]}]}<\/script>\n<!-- \/ Yoast SEO plugin. -->","yoast_head_json":{"title":"O nama &#8226; ZMIJANJE.design","description":"ZMIJANJE.design je interdisciplinarni \u201cpoduhvat\u201d koji je posve\u0107en o\u010duvanju, dokumentovanju i savremenoj interpretaciji Zmijanjskog veza.","robots":{"index":"index","follow":"follow","max-snippet":"max-snippet:-1","max-image-preview":"max-image-preview:large","max-video-preview":"max-video-preview:-1"},"canonical":"https:\/\/zmijanje.design\/bs\/o-nama\/","og_locale":"bs_BA","og_type":"article","og_title":"O nama &#8226; ZMIJANJE.design","og_description":"ZMIJANJE.design je interdisciplinarni \u201cpoduhvat\u201d koji je posve\u0107en o\u010duvanju, dokumentovanju i savremenoj interpretaciji Zmijanjskog veza.","og_url":"https:\/\/zmijanje.design\/bs\/o-nama\/","og_site_name":"ZMIJANJE.design","article_publisher":"https:\/\/www.facebook.com\/zmijanje.design\/","article_modified_time":"2025-11-26T17:51:09+00:00","twitter_card":"summary_large_image","twitter_misc":{"Est. reading time":"3 minute"},"schema":{"@context":"https:\/\/schema.org","@graph":[{"@type":"WebPage","@id":"https:\/\/zmijanje.design\/bs\/o-nama\/","url":"https:\/\/zmijanje.design\/bs\/o-nama\/","name":"O nama &#8226; ZMIJANJE.design","isPartOf":{"@id":"https:\/\/zmijanje.design\/bs\/#website"},"datePublished":"2021-03-19T11:24:19+00:00","dateModified":"2025-11-26T17:51:09+00:00","description":"ZMIJANJE.design je interdisciplinarni \u201cpoduhvat\u201d koji je posve\u0107en o\u010duvanju, dokumentovanju i savremenoj interpretaciji Zmijanjskog veza.","breadcrumb":{"@id":"https:\/\/zmijanje.design\/bs\/o-nama\/#breadcrumb"},"inLanguage":"bs-BA","potentialAction":[{"@type":"ReadAction","target":["https:\/\/zmijanje.design\/bs\/o-nama\/"]}]},{"@type":"BreadcrumbList","@id":"https:\/\/zmijanje.design\/bs\/o-nama\/#breadcrumb","itemListElement":[{"@type":"ListItem","position":1,"name":"Po\u010detna","item":"https:\/\/zmijanje.design\/bs\/pocetna\/"},{"@type":"ListItem","position":2,"name":"O nama"}]},{"@type":"WebSite","@id":"https:\/\/zmijanje.design\/bs\/#website","url":"https:\/\/zmijanje.design\/bs\/","name":"ZMIJANJE.design","description":"Autenti\u010dno savremeno naslje\u0111e","publisher":{"@id":"https:\/\/zmijanje.design\/bs\/#organization"},"potentialAction":[{"@type":"SearchAction","target":{"@type":"EntryPoint","urlTemplate":"https:\/\/zmijanje.design\/bs\/?s={search_term_string}"},"query-input":{"@type":"PropertyValueSpecification","valueRequired":true,"valueName":"search_term_string"}}],"inLanguage":"bs-BA"},{"@type":"Organization","@id":"https:\/\/zmijanje.design\/bs\/#organization","name":"ZMIJANJE.design","url":"https:\/\/zmijanje.design\/bs\/","logo":{"@type":"ImageObject","inLanguage":"bs-BA","@id":"https:\/\/zmijanje.design\/bs\/#\/schema\/logo\/image\/","url":"https:\/\/zmijanje.design\/wp-content\/uploads\/2025\/03\/ZMIJANJE.design-LOGO-Crni.png","contentUrl":"https:\/\/zmijanje.design\/wp-content\/uploads\/2025\/03\/ZMIJANJE.design-LOGO-Crni.png","width":127,"height":127,"caption":"ZMIJANJE.design"},"image":{"@id":"https:\/\/zmijanje.design\/bs\/#\/schema\/logo\/image\/"},"sameAs":["https:\/\/www.facebook.com\/zmijanje.design\/","https:\/\/www.instagram.com\/zmijanje.design\/","https:\/\/www.pinterest.com\/zmijanjedesign\/","https:\/\/www.youtube.com\/watch?v=9vFj3YOwMM0","https:\/\/www.flickr.com\/photos\/zmijanjedesign\/albums"]}]}},"_links":{"self":[{"href":"https:\/\/zmijanje.design\/bs\/wp-json\/wp\/v2\/pages\/148595","targetHints":{"allow":["GET"]}}],"collection":[{"href":"https:\/\/zmijanje.design\/bs\/wp-json\/wp\/v2\/pages"}],"about":[{"href":"https:\/\/zmijanje.design\/bs\/wp-json\/wp\/v2\/types\/page"}],"author":[{"embeddable":true,"href":"https:\/\/zmijanje.design\/bs\/wp-json\/wp\/v2\/users\/1"}],"replies":[{"embeddable":true,"href":"https:\/\/zmijanje.design\/bs\/wp-json\/wp\/v2\/comments?post=148595"}],"version-history":[{"count":12,"href":"https:\/\/zmijanje.design\/bs\/wp-json\/wp\/v2\/pages\/148595\/revisions"}],"predecessor-version":[{"id":148771,"href":"https:\/\/zmijanje.design\/bs\/wp-json\/wp\/v2\/pages\/148595\/revisions\/148771"}],"wp:attachment":[{"href":"https:\/\/zmijanje.design\/bs\/wp-json\/wp\/v2\/media?parent=148595"}],"curies":[{"name":"wp","href":"https:\/\/api.w.org\/{rel}","templated":true}]}}