{"id":148668,"date":"2025-02-21T15:04:12","date_gmt":"2025-02-21T15:04:12","guid":{"rendered":"https:\/\/zmijanje.design\/shop\/vrelo-srebrne-nausnice\/"},"modified":"2026-03-31T09:29:13","modified_gmt":"2026-03-31T09:29:13","slug":"vrelo-srebrne-nausnice","status":"publish","type":"product","link":"https:\/\/zmijanje.design\/bs\/prodavnica\/vrelo-srebrne-nausnice\/","title":{"rendered":"VRELO Srebrne Nau\u0161nice"},"content":{"rendered":"<div class=\"wpb-content-wrapper\"><p>[vc_row row_height_percent=&#8221;0&#8221; override_padding=&#8221;yes&#8221; h_padding=&#8221;0&#8221; top_padding=&#8221;0&#8221; bottom_padding=&#8221;0&#8221; overlay_alpha=&#8221;50&#8221; gutter_size=&#8221;4&#8221; column_width_percent=&#8221;100&#8221; shift_y=&#8221;0&#8221; z_index=&#8221;0&#8221; uncode_shortcode_id=&#8221;118724&#8221;][vc_column column_width_percent=&#8221;100&#8221; gutter_size=&#8221;2&#8221; overlay_alpha=&#8221;50&#8221; shift_x=&#8221;0&#8221; shift_y=&#8221;0&#8221; shift_y_down=&#8221;0&#8221; z_index=&#8221;0&#8221; medium_width=&#8221;3&#8221; mobile_width=&#8221;0&#8221; width=&#8221;1\/3&#8221; uncode_shortcode_id=&#8221;177295&#8221;][vc_custom_heading heading_semantic=&#8221;h3&#8221; text_size=&#8221;h4&#8221; uncode_shortcode_id=&#8221;104309&#8221;]Opis[\/vc_custom_heading][vc_column_text uncode_shortcode_id=&#8221;346906&#8221;]<span class=\"font-165032\">Ove delikatne, sofisticirane nau\u0161nice odaju po\u010dast bogatom kulturnom naslje\u0111u Zmijanjskog veza, umjetni\u010dkoj formi prepoznatoj od strane UNESKO-a. <\/span><\/p>\n<p><span class=\"font-165032\">Dizajnirane u minimalisti\u010dkom stilu, njihov suptilan, a intrikantan motiv nosi su\u0161tinu tradicionalne izrade, zadr\u017eavaju\u0107i savremen i svestran izgled. Izra\u0111ene od visokokvalitetnog srebra, ove min\u0111u\u0161e nude savr\u0161en balans izdr\u017eljivosti, elegancije i kulturnog zna\u010daja. <\/span><\/p>\n<p><span class=\"font-165032\">Lagane i udobne za no\u0161enje, idealne su za svaki dan ili posebne prilike, lako se uklapaju i uz le\u017eerne i uz formalne odjevne kombinacije.<\/span>[\/vc_column_text][\/vc_column][vc_column column_width_percent=&#8221;100&#8221; gutter_size=&#8221;2&#8221; overlay_alpha=&#8221;50&#8221; shift_x=&#8221;0&#8221; shift_y=&#8221;0&#8221; shift_y_down=&#8221;0&#8221; z_index=&#8221;0&#8221; medium_width=&#8221;3&#8221; mobile_width=&#8221;0&#8221; width=&#8221;1\/3&#8221; uncode_shortcode_id=&#8221;139863&#8221;][vc_custom_heading heading_semantic=&#8221;h3&#8221; text_size=&#8221;h4&#8221; uncode_shortcode_id=&#8221;175983&#8221;]Prednosi[\/vc_custom_heading][vc_column_text text_lead=&#8221;small&#8221; uncode_shortcode_id=&#8221;612406&#8221;]<\/p>\n<ul>\n<li><span class=\"font-165032\"><strong>Oma\u017e kulturnom naslje\u0111u<\/strong> \u2013 Inspirisana zmijanjskim kulturnim naslje\u0111em, spaja tradiciju sa savremenom estetikom.<\/span><\/li>\n<li><span class=\"font-165032\"><strong>Bezvremenska elegancija<\/strong> \u2013 Minimalisti\u010dki dizajn omogu\u0107ava prilagodljivost razli\u010ditim stilovima.<\/span><\/li>\n<li><span class=\"font-165032\"><strong>Hipoalergenski materijal<\/strong> \u2013 Izra\u0111ene od visokokvalitetnog srebra, pogodne su i za osjetljivu ko\u017eu.<\/span><\/li>\n<li><span class=\"font-165032\"><strong>Lagana i udobna<\/strong> \u2013 Dizajnirana za cjelodnevno no\u0161enje bez neugodnosti.<\/span><\/li>\n<li><span class=\"font-165032\"><strong>Savr\u0161en poklon<\/strong> \u2013 Zna\u010dajan i elegantan dodatak za ljubitelje kulturnog naslje\u0111a i unikatnog nakita.<\/span><\/li>\n<\/ul>\n<p>[\/vc_column_text][vc_empty_space empty_h=&#8221;1&#8221;][\/vc_column][vc_column column_width_percent=&#8221;100&#8221; gutter_size=&#8221;2&#8221; overlay_alpha=&#8221;50&#8221; shift_x=&#8221;0&#8221; shift_y=&#8221;0&#8221; shift_y_down=&#8221;0&#8221; z_index=&#8221;0&#8221; medium_width=&#8221;3&#8221; mobile_width=&#8221;0&#8221; width=&#8221;1\/3&#8221; uncode_shortcode_id=&#8221;507434&#8221;][vc_custom_heading heading_semantic=&#8221;h3&#8221; text_size=&#8221;h4&#8221; uncode_shortcode_id=&#8221;246165&#8221;]Odr\u017eavanje[\/vc_custom_heading][vc_column_text uncode_shortcode_id=&#8221;116386&#8221;]<span class=\"font-165032\">\u010cuvajte na suhom mjestu, po mogu\u0107nosti u kutiji za nakit. Dr\u017eite dalje od direktne sun\u010deve svjetlosti i vlage. Skinite prije plivanja, tu\u0161iranja ili odlaska u saunu i banju. Kozmeti\u010dke proizvode nanesite prije stavljanja nau\u0161nica kako biste sprije\u010dili tamnjenje ili promjenu boje.<\/span><\/p>\n<p><span class=\"font-165032\">S vremenom, srebrni nakit mo\u017ee potamniti zbog pH vrijednosti ko\u017ee i izlo\u017eenosti zraku. Da bi ostao sjajan, povremeno ga o\u010distite u mlakoj vodi sa sapunom, dobro isperite i temeljno osu\u0161ite. Nje\u017eno ga ispolirajte mekom krpom ili specijalnom krpom za \u010di\u0161\u0107enje srebra. Meke \u010detkice, poput dje\u010dijih \u010detkica za zube, tako\u0111e su sigurne za kori\u0161tenje. Izbjegavajte grube materijale, papir i jake hemikalije, jer mogu izgrebati ili o\u0161tetiti metal. <\/span>[\/vc_column_text][\/vc_column][\/vc_row]<\/p>\n<\/div>","protected":false},"excerpt":{"rendered":"<p data-start=\"0\" data-end=\"184\"><span class=\"font-165032\">Minimalisti\u010dke nau\u0161nice izra\u0111ene od \u010distog srebra sa profinjenim, stilizovanim motivom inspirisanim Zmijanjskim vezom, kulturnim naslje\u0111em priznatim od strane UNESKO-a.<\/span><\/p>\n","protected":false},"featured_media":146324,"comment_status":"closed","ping_status":"closed","template":"","meta":[],"product_brand":[],"product_cat":[369,370],"product_tag":[374,375,376,377,371,372,373],"class_list":{"0":"post-148668","1":"product","2":"type-product","3":"status-publish","4":"has-post-thumbnail","6":"product_cat-modni-dodaci","7":"product_cat-nakit","8":"product_tag-srebro","9":"product_tag-minimalisticko","10":"product_tag-elegantno","11":"product_tag-nausnice-na-sraf","12":"product_tag-nakit","13":"product_tag-zmijanje-motiv","14":"product_tag-nausnice","15":"product_shipping_class-lagano","17":"first","18":"instock","19":"featured","20":"shipping-taxable","21":"purchasable","22":"product-type-simple"},"yoast_head":"<!-- This site is optimized with the Yoast SEO plugin v27.5 - https:\/\/yoast.com\/product\/yoast-seo-wordpress\/ -->\n<title>VRELO Srebrne Nau\u0161nice &#8226; ZMIJANJE.design<\/title>\n<meta name=\"description\" content=\"Minimalisti\u010dke nau\u0161nice izra\u0111ene od \u010distog srebra, sa profinjenim motivom inspirisanim Zmijanjskim vezom, kulturnim naslje\u0111em priznatim od strane UNESKO-a.\" \/>\n<meta name=\"robots\" content=\"index, follow, max-snippet:-1, max-image-preview:large, max-video-preview:-1\" \/>\n<link rel=\"canonical\" href=\"https:\/\/zmijanje.design\/bs\/prodavnica\/vrelo-srebrne-nausnice\/\" \/>\n<meta property=\"og:locale\" content=\"bs_BA\" \/>\n<meta property=\"og:type\" content=\"article\" \/>\n<meta property=\"og:title\" content=\"VRELO Srebrne Nau\u0161nice &#8226; ZMIJANJE.design\" \/>\n<meta property=\"og:description\" content=\"Minimalisti\u010dke nau\u0161nice izra\u0111ene od \u010distog srebra, sa profinjenim motivom inspirisanim Zmijanjskim vezom, kulturnim naslje\u0111em priznatim od strane UNESKO-a.\" \/>\n<meta property=\"og:url\" content=\"https:\/\/zmijanje.design\/bs\/prodavnica\/vrelo-srebrne-nausnice\/\" \/>\n<meta property=\"og:site_name\" content=\"ZMIJANJE.design\" \/>\n<meta property=\"article:publisher\" content=\"https:\/\/www.facebook.com\/zmijanje.design\/\" \/>\n<meta property=\"article:modified_time\" content=\"2026-03-31T09:29:13+00:00\" \/>\n<meta property=\"og:image\" content=\"https:\/\/zmijanje.design\/wp-content\/uploads\/2024\/12\/HM3A7639-scaled.jpg\" \/>\n\t<meta property=\"og:image:width\" content=\"2048\" \/>\n\t<meta property=\"og:image:height\" content=\"2560\" \/>\n\t<meta property=\"og:image:type\" content=\"image\/jpeg\" \/>\n<meta name=\"twitter:card\" content=\"summary_large_image\" \/>\n<meta name=\"twitter:label1\" content=\"Est. reading time\" \/>\n\t<meta name=\"twitter:data1\" content=\"2 minute\" \/>\n<script type=\"application\/ld+json\" class=\"yoast-schema-graph\">{\"@context\":\"https:\\\/\\\/schema.org\",\"@graph\":[{\"@type\":\"WebPage\",\"@id\":\"https:\\\/\\\/zmijanje.design\\\/bs\\\/prodavnica\\\/vrelo-srebrne-nausnice\\\/\",\"url\":\"https:\\\/\\\/zmijanje.design\\\/bs\\\/prodavnica\\\/vrelo-srebrne-nausnice\\\/\",\"name\":\"VRELO Srebrne Nau\u0161nice &#8226; ZMIJANJE.design\",\"isPartOf\":{\"@id\":\"https:\\\/\\\/zmijanje.design\\\/bs\\\/#website\"},\"primaryImageOfPage\":{\"@id\":\"https:\\\/\\\/zmijanje.design\\\/bs\\\/prodavnica\\\/vrelo-srebrne-nausnice\\\/#primaryimage\"},\"image\":{\"@id\":\"https:\\\/\\\/zmijanje.design\\\/bs\\\/prodavnica\\\/vrelo-srebrne-nausnice\\\/#primaryimage\"},\"thumbnailUrl\":\"https:\\\/\\\/zmijanje.design\\\/wp-content\\\/uploads\\\/2024\\\/12\\\/HM3A7639-scaled.jpg\",\"datePublished\":\"2025-02-21T15:04:12+00:00\",\"dateModified\":\"2026-03-31T09:29:13+00:00\",\"description\":\"Minimalisti\u010dke nau\u0161nice izra\u0111ene od \u010distog srebra, sa profinjenim motivom inspirisanim Zmijanjskim vezom, kulturnim naslje\u0111em priznatim od strane UNESKO-a.\",\"breadcrumb\":{\"@id\":\"https:\\\/\\\/zmijanje.design\\\/bs\\\/prodavnica\\\/vrelo-srebrne-nausnice\\\/#breadcrumb\"},\"inLanguage\":\"bs-BA\",\"potentialAction\":[{\"@type\":\"ReadAction\",\"target\":[\"https:\\\/\\\/zmijanje.design\\\/bs\\\/prodavnica\\\/vrelo-srebrne-nausnice\\\/\"]}]},{\"@type\":\"ImageObject\",\"inLanguage\":\"bs-BA\",\"@id\":\"https:\\\/\\\/zmijanje.design\\\/bs\\\/prodavnica\\\/vrelo-srebrne-nausnice\\\/#primaryimage\",\"url\":\"https:\\\/\\\/zmijanje.design\\\/wp-content\\\/uploads\\\/2024\\\/12\\\/HM3A7639-scaled.jpg\",\"contentUrl\":\"https:\\\/\\\/zmijanje.design\\\/wp-content\\\/uploads\\\/2024\\\/12\\\/HM3A7639-scaled.jpg\",\"width\":2048,\"height\":2560},{\"@type\":\"BreadcrumbList\",\"@id\":\"https:\\\/\\\/zmijanje.design\\\/bs\\\/prodavnica\\\/vrelo-srebrne-nausnice\\\/#breadcrumb\",\"itemListElement\":[{\"@type\":\"ListItem\",\"position\":1,\"name\":\"Po\u010detna\",\"item\":\"https:\\\/\\\/zmijanje.design\\\/bs\\\/pocetna\\\/\"},{\"@type\":\"ListItem\",\"position\":2,\"name\":\"Proizvodi\",\"item\":\"https:\\\/\\\/zmijanje.design\\\/bs\\\/prodavnica\\\/\"},{\"@type\":\"ListItem\",\"position\":3,\"name\":\"VRELO Srebrne Nau\u0161nice\"}]},{\"@type\":\"WebSite\",\"@id\":\"https:\\\/\\\/zmijanje.design\\\/bs\\\/#website\",\"url\":\"https:\\\/\\\/zmijanje.design\\\/bs\\\/\",\"name\":\"ZMIJANJE.design\",\"description\":\"Autenti\u010dno savremeno naslje\u0111e\",\"publisher\":{\"@id\":\"https:\\\/\\\/zmijanje.design\\\/bs\\\/#organization\"},\"potentialAction\":[{\"@type\":\"SearchAction\",\"target\":{\"@type\":\"EntryPoint\",\"urlTemplate\":\"https:\\\/\\\/zmijanje.design\\\/bs\\\/?s={search_term_string}\"},\"query-input\":{\"@type\":\"PropertyValueSpecification\",\"valueRequired\":true,\"valueName\":\"search_term_string\"}}],\"inLanguage\":\"bs-BA\"},{\"@type\":\"Organization\",\"@id\":\"https:\\\/\\\/zmijanje.design\\\/bs\\\/#organization\",\"name\":\"ZMIJANJE.design\",\"url\":\"https:\\\/\\\/zmijanje.design\\\/bs\\\/\",\"logo\":{\"@type\":\"ImageObject\",\"inLanguage\":\"bs-BA\",\"@id\":\"https:\\\/\\\/zmijanje.design\\\/bs\\\/#\\\/schema\\\/logo\\\/image\\\/\",\"url\":\"https:\\\/\\\/zmijanje.design\\\/wp-content\\\/uploads\\\/2025\\\/03\\\/ZMIJANJE.design-LOGO-Crni.png\",\"contentUrl\":\"https:\\\/\\\/zmijanje.design\\\/wp-content\\\/uploads\\\/2025\\\/03\\\/ZMIJANJE.design-LOGO-Crni.png\",\"width\":127,\"height\":127,\"caption\":\"ZMIJANJE.design\"},\"image\":{\"@id\":\"https:\\\/\\\/zmijanje.design\\\/bs\\\/#\\\/schema\\\/logo\\\/image\\\/\"},\"sameAs\":[\"https:\\\/\\\/www.facebook.com\\\/zmijanje.design\\\/\",\"https:\\\/\\\/www.instagram.com\\\/zmijanje.design\\\/\",\"https:\\\/\\\/www.pinterest.com\\\/zmijanjedesign\\\/\",\"https:\\\/\\\/www.youtube.com\\\/watch?v=9vFj3YOwMM0\",\"https:\\\/\\\/www.flickr.com\\\/photos\\\/zmijanjedesign\\\/albums\"]}]}<\/script>\n<!-- \/ Yoast SEO plugin. -->","yoast_head_json":{"title":"VRELO Srebrne Nau\u0161nice &#8226; ZMIJANJE.design","description":"Minimalisti\u010dke nau\u0161nice izra\u0111ene od \u010distog srebra, sa profinjenim motivom inspirisanim Zmijanjskim vezom, kulturnim naslje\u0111em priznatim od strane UNESKO-a.","robots":{"index":"index","follow":"follow","max-snippet":"max-snippet:-1","max-image-preview":"max-image-preview:large","max-video-preview":"max-video-preview:-1"},"canonical":"https:\/\/zmijanje.design\/bs\/prodavnica\/vrelo-srebrne-nausnice\/","og_locale":"bs_BA","og_type":"article","og_title":"VRELO Srebrne Nau\u0161nice &#8226; ZMIJANJE.design","og_description":"Minimalisti\u010dke nau\u0161nice izra\u0111ene od \u010distog srebra, sa profinjenim motivom inspirisanim Zmijanjskim vezom, kulturnim naslje\u0111em priznatim od strane UNESKO-a.","og_url":"https:\/\/zmijanje.design\/bs\/prodavnica\/vrelo-srebrne-nausnice\/","og_site_name":"ZMIJANJE.design","article_publisher":"https:\/\/www.facebook.com\/zmijanje.design\/","article_modified_time":"2026-03-31T09:29:13+00:00","og_image":[{"width":2048,"height":2560,"url":"https:\/\/zmijanje.design\/wp-content\/uploads\/2024\/12\/HM3A7639-scaled.jpg","type":"image\/jpeg"}],"twitter_card":"summary_large_image","twitter_misc":{"Est. reading time":"2 minute"},"schema":{"@context":"https:\/\/schema.org","@graph":[{"@type":"WebPage","@id":"https:\/\/zmijanje.design\/bs\/prodavnica\/vrelo-srebrne-nausnice\/","url":"https:\/\/zmijanje.design\/bs\/prodavnica\/vrelo-srebrne-nausnice\/","name":"VRELO Srebrne Nau\u0161nice &#8226; ZMIJANJE.design","isPartOf":{"@id":"https:\/\/zmijanje.design\/bs\/#website"},"primaryImageOfPage":{"@id":"https:\/\/zmijanje.design\/bs\/prodavnica\/vrelo-srebrne-nausnice\/#primaryimage"},"image":{"@id":"https:\/\/zmijanje.design\/bs\/prodavnica\/vrelo-srebrne-nausnice\/#primaryimage"},"thumbnailUrl":"https:\/\/zmijanje.design\/wp-content\/uploads\/2024\/12\/HM3A7639-scaled.jpg","datePublished":"2025-02-21T15:04:12+00:00","dateModified":"2026-03-31T09:29:13+00:00","description":"Minimalisti\u010dke nau\u0161nice izra\u0111ene od \u010distog srebra, sa profinjenim motivom inspirisanim Zmijanjskim vezom, kulturnim naslje\u0111em priznatim od strane UNESKO-a.","breadcrumb":{"@id":"https:\/\/zmijanje.design\/bs\/prodavnica\/vrelo-srebrne-nausnice\/#breadcrumb"},"inLanguage":"bs-BA","potentialAction":[{"@type":"ReadAction","target":["https:\/\/zmijanje.design\/bs\/prodavnica\/vrelo-srebrne-nausnice\/"]}]},{"@type":"ImageObject","inLanguage":"bs-BA","@id":"https:\/\/zmijanje.design\/bs\/prodavnica\/vrelo-srebrne-nausnice\/#primaryimage","url":"https:\/\/zmijanje.design\/wp-content\/uploads\/2024\/12\/HM3A7639-scaled.jpg","contentUrl":"https:\/\/zmijanje.design\/wp-content\/uploads\/2024\/12\/HM3A7639-scaled.jpg","width":2048,"height":2560},{"@type":"BreadcrumbList","@id":"https:\/\/zmijanje.design\/bs\/prodavnica\/vrelo-srebrne-nausnice\/#breadcrumb","itemListElement":[{"@type":"ListItem","position":1,"name":"Po\u010detna","item":"https:\/\/zmijanje.design\/bs\/pocetna\/"},{"@type":"ListItem","position":2,"name":"Proizvodi","item":"https:\/\/zmijanje.design\/bs\/prodavnica\/"},{"@type":"ListItem","position":3,"name":"VRELO Srebrne Nau\u0161nice"}]},{"@type":"WebSite","@id":"https:\/\/zmijanje.design\/bs\/#website","url":"https:\/\/zmijanje.design\/bs\/","name":"ZMIJANJE.design","description":"Autenti\u010dno savremeno naslje\u0111e","publisher":{"@id":"https:\/\/zmijanje.design\/bs\/#organization"},"potentialAction":[{"@type":"SearchAction","target":{"@type":"EntryPoint","urlTemplate":"https:\/\/zmijanje.design\/bs\/?s={search_term_string}"},"query-input":{"@type":"PropertyValueSpecification","valueRequired":true,"valueName":"search_term_string"}}],"inLanguage":"bs-BA"},{"@type":"Organization","@id":"https:\/\/zmijanje.design\/bs\/#organization","name":"ZMIJANJE.design","url":"https:\/\/zmijanje.design\/bs\/","logo":{"@type":"ImageObject","inLanguage":"bs-BA","@id":"https:\/\/zmijanje.design\/bs\/#\/schema\/logo\/image\/","url":"https:\/\/zmijanje.design\/wp-content\/uploads\/2025\/03\/ZMIJANJE.design-LOGO-Crni.png","contentUrl":"https:\/\/zmijanje.design\/wp-content\/uploads\/2025\/03\/ZMIJANJE.design-LOGO-Crni.png","width":127,"height":127,"caption":"ZMIJANJE.design"},"image":{"@id":"https:\/\/zmijanje.design\/bs\/#\/schema\/logo\/image\/"},"sameAs":["https:\/\/www.facebook.com\/zmijanje.design\/","https:\/\/www.instagram.com\/zmijanje.design\/","https:\/\/www.pinterest.com\/zmijanjedesign\/","https:\/\/www.youtube.com\/watch?v=9vFj3YOwMM0","https:\/\/www.flickr.com\/photos\/zmijanjedesign\/albums"]}]}},"_links":{"self":[{"href":"https:\/\/zmijanje.design\/bs\/wp-json\/wp\/v2\/product\/148668","targetHints":{"allow":["GET"]}}],"collection":[{"href":"https:\/\/zmijanje.design\/bs\/wp-json\/wp\/v2\/product"}],"about":[{"href":"https:\/\/zmijanje.design\/bs\/wp-json\/wp\/v2\/types\/product"}],"replies":[{"embeddable":true,"href":"https:\/\/zmijanje.design\/bs\/wp-json\/wp\/v2\/comments?post=148668"}],"wp:featuredmedia":[{"embeddable":true,"href":"https:\/\/zmijanje.design\/bs\/wp-json\/wp\/v2\/media\/146324"}],"wp:attachment":[{"href":"https:\/\/zmijanje.design\/bs\/wp-json\/wp\/v2\/media?parent=148668"}],"wp:term":[{"taxonomy":"product_brand","embeddable":true,"href":"https:\/\/zmijanje.design\/bs\/wp-json\/wp\/v2\/product_brand?post=148668"},{"taxonomy":"product_cat","embeddable":true,"href":"https:\/\/zmijanje.design\/bs\/wp-json\/wp\/v2\/product_cat?post=148668"},{"taxonomy":"product_tag","embeddable":true,"href":"https:\/\/zmijanje.design\/bs\/wp-json\/wp\/v2\/product_tag?post=148668"}],"curies":[{"name":"wp","href":"https:\/\/api.w.org\/{rel}","templated":true}]}}