{"id":148846,"date":"2026-03-31T07:41:40","date_gmt":"2026-03-31T07:41:40","guid":{"rendered":"https:\/\/zmijanje.design\/?post_type=product&#038;p=148846"},"modified":"2026-03-31T08:52:20","modified_gmt":"2026-03-31T08:52:20","slug":"vrelo-srebrne-nausnice-alke-copy","status":"publish","type":"product","link":"https:\/\/zmijanje.design\/bs\/prodavnica\/vrelo-srebrne-nausnice-alke-copy\/","title":{"rendered":"VRELO Srebrne Nau\u0161nice Alke (Copy)"},"content":{"rendered":"<div class=\"wpb-content-wrapper\"><p>[vc_row row_height_percent=&#8221;0&#8221; override_padding=&#8221;yes&#8221; h_padding=&#8221;0&#8221; top_padding=&#8221;0&#8221; bottom_padding=&#8221;0&#8221; overlay_alpha=&#8221;50&#8221; gutter_size=&#8221;4&#8221; column_width_percent=&#8221;100&#8221; shift_y=&#8221;0&#8221; z_index=&#8221;0&#8221; uncode_shortcode_id=&#8221;118724&#8221;][vc_column column_width_percent=&#8221;100&#8221; gutter_size=&#8221;2&#8221; overlay_alpha=&#8221;50&#8221; shift_x=&#8221;0&#8221; shift_y=&#8221;0&#8221; shift_y_down=&#8221;0&#8221; z_index=&#8221;0&#8221; medium_width=&#8221;3&#8221; mobile_width=&#8221;0&#8221; width=&#8221;1\/3&#8221; uncode_shortcode_id=&#8221;177295&#8221;][vc_custom_heading heading_semantic=&#8221;h3&#8221; text_size=&#8221;h4&#8221; uncode_shortcode_id=&#8221;104309&#8221;]Opis[\/vc_custom_heading][vc_column_text uncode_shortcode_id=&#8221;550396&#8221;]<span class=\"font-165032\">Ove elegantne alke su moderna interpretacija UNESKO-om za\u0161ti\u0107enog Zmijanjskog veza, blaga kulturnog naslje\u0111a Bosne i Hercegovine i cijelog \u010dovje\u010danstva. <\/span><\/p>\n<p><span class=\"font-165032\">Dizajn prenosi su\u0161tinu ove tradicionalne umjetni\u010dke forme kroz \u010diste, pojednostavljene linije, \u0161to ga \u010dini savr\u0161enim za one koji cijene suptilan nakit duboke simbolike. <\/span><\/p>\n<p><span class=\"font-165032\">Izra\u0111ene od visokokvalitetnog srebra, ove nau\u0161nice spajaju bezvremensku eleganciju sa dozom savremene sofisticiranosti.<\/span>[\/vc_column_text][\/vc_column][vc_column column_width_percent=&#8221;100&#8221; gutter_size=&#8221;2&#8221; overlay_alpha=&#8221;50&#8221; shift_x=&#8221;0&#8221; shift_y=&#8221;0&#8221; shift_y_down=&#8221;0&#8221; z_index=&#8221;0&#8221; medium_width=&#8221;3&#8221; mobile_width=&#8221;0&#8221; width=&#8221;1\/3&#8221; uncode_shortcode_id=&#8221;139863&#8221;][vc_custom_heading heading_semantic=&#8221;h3&#8221; text_size=&#8221;h4&#8221; uncode_shortcode_id=&#8221;175983&#8221;]Prednosti[\/vc_custom_heading][vc_column_text text_lead=&#8221;small&#8221; uncode_shortcode_id=&#8221;212871&#8221;]<\/p>\n<ul>\n<li><span class=\"font-165032\"><strong>Oma\u017e kulturnom naslje\u0111u<\/strong> \u2013 Inspirisane zmijanjskim kulturnim naslje\u0111em, ove nau\u0161nice spajaju tradiciju sa savremenom estetikom.<\/span><\/li>\n<li><span class=\"font-165032\"><strong>Bezvremenska elegancija<\/strong> \u2013 Minimalisti\u010dki dizajn omogu\u0107ava prilagodljivost razli\u010ditim stilovima.<\/span><\/li>\n<li><span class=\"font-165032\"><strong>Hipoalergenski materijal<\/strong> \u2013 Izra\u0111ene od visokokvalitetnog srebra, pogodne su i za osjetljivu ko\u017eu.<\/span><\/li>\n<li><span class=\"font-165032\"><strong>Lagane i udobne<\/strong> \u2013 Dizajnirane za cjelodnevno no\u0161enje bez neugodnosti.<\/span><\/li>\n<li><span class=\"font-165032\"><strong>Savr\u0161en poklon<\/strong> \u2013 Zna\u010dajan i elegantan dodatak za ljubitelje kulturnog naslje\u0111a i unikatnog nakita.<\/span><\/li>\n<\/ul>\n<p>[\/vc_column_text][vc_empty_space empty_h=&#8221;1&#8221;][\/vc_column][vc_column column_width_percent=&#8221;100&#8221; gutter_size=&#8221;2&#8221; overlay_alpha=&#8221;50&#8221; shift_x=&#8221;0&#8221; shift_y=&#8221;0&#8221; shift_y_down=&#8221;0&#8221; z_index=&#8221;0&#8221; medium_width=&#8221;3&#8221; mobile_width=&#8221;0&#8221; width=&#8221;1\/3&#8221; uncode_shortcode_id=&#8221;507434&#8221;][vc_custom_heading heading_semantic=&#8221;h3&#8221; text_size=&#8221;h4&#8221; uncode_shortcode_id=&#8221;246165&#8221;]Odr\u017eavanje[\/vc_custom_heading][vc_column_text uncode_shortcode_id=&#8221;193616&#8221;]<span class=\"font-165032\">\u010cuvajte na suhom mjestu, po mogu\u0107nosti u kutiji za nakit. Dr\u017eite dalje od direktne sun\u010deve svjetlosti i vlage. Skinite prije plivanja, tu\u0161iranja ili odlaska u saunu i banju. Kozmeti\u010dke proizvode nanesite prije stavljanja nau\u0161nica kako biste sprije\u010dili tamnjenje ili promjenu boje. <\/span><\/p>\n<p><span class=\"font-165032\">S vremenom, srebrni nakit mo\u017ee potamniti zbog pH vrijednosti ko\u017ee i izlo\u017eenosti zraku. Da bi ostao sjajan, povremeno ga o\u010distite u mlakoj vodi sa sapunom, dobro isperite i temeljno osu\u0161ite. Nje\u017eno ga ispolirajte mekom krpom ili specijalnom krpom za \u010di\u0161\u0107enje srebra. Meke \u010detkice, poput dje\u010dijih \u010detkica za zube, tako\u0111e su sigurne za kori\u0161tenje. Izbjegavajte grube materijale, papir i jake hemikalije, jer mogu izgrebati ili o\u0161tetiti metal. <\/span>[\/vc_column_text][\/vc_column][\/vc_row]<\/p>\n<\/div>","protected":false},"excerpt":{"rendered":"<p><span class=\"font-165032\">Minimalisti\u010dke nau\u0161nice alke izra\u0111ene od \u010distog srebra sa profinjenim, stilizovanim motivom inspirisanim Zmijanjskim vezom, kulturnim naslje\u0111em priznatim od strane UNESKO-a.<\/span><\/p>\n","protected":false},"featured_media":148860,"comment_status":"closed","ping_status":"closed","template":"","meta":[],"product_brand":[],"product_cat":[369,370],"product_tag":[371,372,373,374,375,376,378],"class_list":{"0":"post-148846","1":"product","2":"type-product","3":"status-publish","4":"has-post-thumbnail","6":"product_cat-modni-dodaci","7":"product_cat-nakit","8":"product_tag-nakit","9":"product_tag-zmijanje-motiv","10":"product_tag-nausnice","11":"product_tag-srebro","12":"product_tag-minimalisticko","13":"product_tag-elegantno","14":"product_tag-alke","15":"product_shipping_class-lagano","17":"first","18":"instock","19":"featured","20":"shipping-taxable","21":"purchasable","22":"product-type-simple"},"yoast_head":"<!-- This site is optimized with the Yoast SEO plugin v27.3 - https:\/\/yoast.com\/product\/yoast-seo-wordpress\/ -->\n<title>VRELO Srebrne Nau\u0161nice Alke (Copy) &#8226; ZMIJANJE.design<\/title>\n<meta name=\"description\" content=\"Minimalisti\u010dke alke izra\u0111ene od \u010distog srebra sa profinjenim motivom Zmijanjskog veza, kulturnim naslje\u0111em priznatim od strane UNESKO-a.\" \/>\n<meta name=\"robots\" content=\"index, follow, max-snippet:-1, max-image-preview:large, max-video-preview:-1\" \/>\n<link rel=\"canonical\" href=\"https:\/\/zmijanje.design\/bs\/prodavnica\/vrelo-srebrne-nausnice-alke-copy\/\" \/>\n<meta property=\"og:locale\" content=\"bs_BA\" \/>\n<meta property=\"og:type\" content=\"article\" \/>\n<meta property=\"og:title\" content=\"VRELO Srebrne Nau\u0161nice Alke (Copy) &#8226; ZMIJANJE.design\" \/>\n<meta property=\"og:description\" content=\"Minimalisti\u010dke alke izra\u0111ene od \u010distog srebra sa profinjenim motivom Zmijanjskog veza, kulturnim naslje\u0111em priznatim od strane UNESKO-a.\" \/>\n<meta property=\"og:url\" content=\"https:\/\/zmijanje.design\/bs\/prodavnica\/vrelo-srebrne-nausnice-alke-copy\/\" \/>\n<meta property=\"og:site_name\" content=\"ZMIJANJE.design\" \/>\n<meta property=\"article:publisher\" content=\"https:\/\/www.facebook.com\/zmijanje.design\/\" \/>\n<meta property=\"article:modified_time\" content=\"2026-03-31T08:52:20+00:00\" \/>\n<meta property=\"og:image\" content=\"https:\/\/zmijanje.design\/wp-content\/uploads\/2026\/03\/HM3A9497-scaled.jpg\" \/>\n\t<meta property=\"og:image:width\" content=\"2560\" \/>\n\t<meta property=\"og:image:height\" content=\"1707\" \/>\n\t<meta property=\"og:image:type\" content=\"image\/jpeg\" \/>\n<meta name=\"twitter:card\" content=\"summary_large_image\" \/>\n<meta name=\"twitter:label1\" content=\"Est. reading time\" \/>\n\t<meta name=\"twitter:data1\" content=\"2 minute\" \/>\n<script type=\"application\/ld+json\" class=\"yoast-schema-graph\">{\"@context\":\"https:\\\/\\\/schema.org\",\"@graph\":[{\"@type\":\"WebPage\",\"@id\":\"https:\\\/\\\/zmijanje.design\\\/bs\\\/prodavnica\\\/vrelo-srebrne-nausnice-alke-copy\\\/\",\"url\":\"https:\\\/\\\/zmijanje.design\\\/bs\\\/prodavnica\\\/vrelo-srebrne-nausnice-alke-copy\\\/\",\"name\":\"VRELO Srebrne Nau\u0161nice Alke (Copy) &#8226; ZMIJANJE.design\",\"isPartOf\":{\"@id\":\"https:\\\/\\\/zmijanje.design\\\/bs\\\/#website\"},\"primaryImageOfPage\":{\"@id\":\"https:\\\/\\\/zmijanje.design\\\/bs\\\/prodavnica\\\/vrelo-srebrne-nausnice-alke-copy\\\/#primaryimage\"},\"image\":{\"@id\":\"https:\\\/\\\/zmijanje.design\\\/bs\\\/prodavnica\\\/vrelo-srebrne-nausnice-alke-copy\\\/#primaryimage\"},\"thumbnailUrl\":\"https:\\\/\\\/zmijanje.design\\\/wp-content\\\/uploads\\\/2026\\\/03\\\/HM3A9525-scaled.jpg\",\"datePublished\":\"2026-03-31T07:41:40+00:00\",\"dateModified\":\"2026-03-31T08:52:20+00:00\",\"description\":\"Minimalisti\u010dke alke izra\u0111ene od \u010distog srebra sa profinjenim motivom Zmijanjskog veza, kulturnim naslje\u0111em priznatim od strane UNESKO-a.\",\"breadcrumb\":{\"@id\":\"https:\\\/\\\/zmijanje.design\\\/bs\\\/prodavnica\\\/vrelo-srebrne-nausnice-alke-copy\\\/#breadcrumb\"},\"inLanguage\":\"bs-BA\",\"potentialAction\":[{\"@type\":\"ReadAction\",\"target\":[\"https:\\\/\\\/zmijanje.design\\\/bs\\\/prodavnica\\\/vrelo-srebrne-nausnice-alke-copy\\\/\"]}]},{\"@type\":\"ImageObject\",\"inLanguage\":\"bs-BA\",\"@id\":\"https:\\\/\\\/zmijanje.design\\\/bs\\\/prodavnica\\\/vrelo-srebrne-nausnice-alke-copy\\\/#primaryimage\",\"url\":\"https:\\\/\\\/zmijanje.design\\\/wp-content\\\/uploads\\\/2026\\\/03\\\/HM3A9525-scaled.jpg\",\"contentUrl\":\"https:\\\/\\\/zmijanje.design\\\/wp-content\\\/uploads\\\/2026\\\/03\\\/HM3A9525-scaled.jpg\",\"width\":1707,\"height\":2560,\"caption\":\"Zmijanje Embroidery inspired Silver Earrings\"},{\"@type\":\"BreadcrumbList\",\"@id\":\"https:\\\/\\\/zmijanje.design\\\/bs\\\/prodavnica\\\/vrelo-srebrne-nausnice-alke-copy\\\/#breadcrumb\",\"itemListElement\":[{\"@type\":\"ListItem\",\"position\":1,\"name\":\"Po\u010detna\",\"item\":\"https:\\\/\\\/zmijanje.design\\\/bs\\\/pocetna\\\/\"},{\"@type\":\"ListItem\",\"position\":2,\"name\":\"Proizvodi\",\"item\":\"https:\\\/\\\/zmijanje.design\\\/bs\\\/prodavnica\\\/\"},{\"@type\":\"ListItem\",\"position\":3,\"name\":\"VRELO Srebrne Nau\u0161nice Alke (Copy)\"}]},{\"@type\":\"WebSite\",\"@id\":\"https:\\\/\\\/zmijanje.design\\\/bs\\\/#website\",\"url\":\"https:\\\/\\\/zmijanje.design\\\/bs\\\/\",\"name\":\"ZMIJANJE.design\",\"description\":\"Autenti\u010dno savremeno naslje\u0111e\",\"publisher\":{\"@id\":\"https:\\\/\\\/zmijanje.design\\\/bs\\\/#organization\"},\"potentialAction\":[{\"@type\":\"SearchAction\",\"target\":{\"@type\":\"EntryPoint\",\"urlTemplate\":\"https:\\\/\\\/zmijanje.design\\\/bs\\\/?s={search_term_string}\"},\"query-input\":{\"@type\":\"PropertyValueSpecification\",\"valueRequired\":true,\"valueName\":\"search_term_string\"}}],\"inLanguage\":\"bs-BA\"},{\"@type\":\"Organization\",\"@id\":\"https:\\\/\\\/zmijanje.design\\\/bs\\\/#organization\",\"name\":\"ZMIJANJE.design\",\"url\":\"https:\\\/\\\/zmijanje.design\\\/bs\\\/\",\"logo\":{\"@type\":\"ImageObject\",\"inLanguage\":\"bs-BA\",\"@id\":\"https:\\\/\\\/zmijanje.design\\\/bs\\\/#\\\/schema\\\/logo\\\/image\\\/\",\"url\":\"https:\\\/\\\/zmijanje.design\\\/wp-content\\\/uploads\\\/2025\\\/03\\\/ZMIJANJE.design-LOGO-Crni.png\",\"contentUrl\":\"https:\\\/\\\/zmijanje.design\\\/wp-content\\\/uploads\\\/2025\\\/03\\\/ZMIJANJE.design-LOGO-Crni.png\",\"width\":127,\"height\":127,\"caption\":\"ZMIJANJE.design\"},\"image\":{\"@id\":\"https:\\\/\\\/zmijanje.design\\\/bs\\\/#\\\/schema\\\/logo\\\/image\\\/\"},\"sameAs\":[\"https:\\\/\\\/www.facebook.com\\\/zmijanje.design\\\/\",\"https:\\\/\\\/www.instagram.com\\\/zmijanje.design\\\/\",\"https:\\\/\\\/www.pinterest.com\\\/zmijanjedesign\\\/\",\"https:\\\/\\\/www.youtube.com\\\/watch?v=9vFj3YOwMM0\",\"https:\\\/\\\/www.flickr.com\\\/photos\\\/zmijanjedesign\\\/albums\"]}]}<\/script>\n<!-- \/ Yoast SEO plugin. -->","yoast_head_json":{"title":"VRELO Srebrne Nau\u0161nice Alke (Copy) &#8226; ZMIJANJE.design","description":"Minimalisti\u010dke alke izra\u0111ene od \u010distog srebra sa profinjenim motivom Zmijanjskog veza, kulturnim naslje\u0111em priznatim od strane UNESKO-a.","robots":{"index":"index","follow":"follow","max-snippet":"max-snippet:-1","max-image-preview":"max-image-preview:large","max-video-preview":"max-video-preview:-1"},"canonical":"https:\/\/zmijanje.design\/bs\/prodavnica\/vrelo-srebrne-nausnice-alke-copy\/","og_locale":"bs_BA","og_type":"article","og_title":"VRELO Srebrne Nau\u0161nice Alke (Copy) &#8226; ZMIJANJE.design","og_description":"Minimalisti\u010dke alke izra\u0111ene od \u010distog srebra sa profinjenim motivom Zmijanjskog veza, kulturnim naslje\u0111em priznatim od strane UNESKO-a.","og_url":"https:\/\/zmijanje.design\/bs\/prodavnica\/vrelo-srebrne-nausnice-alke-copy\/","og_site_name":"ZMIJANJE.design","article_publisher":"https:\/\/www.facebook.com\/zmijanje.design\/","article_modified_time":"2026-03-31T08:52:20+00:00","og_image":[{"width":2560,"height":1707,"url":"https:\/\/zmijanje.design\/wp-content\/uploads\/2026\/03\/HM3A9497-scaled.jpg","type":"image\/jpeg"}],"twitter_card":"summary_large_image","twitter_misc":{"Est. reading time":"2 minute"},"schema":{"@context":"https:\/\/schema.org","@graph":[{"@type":"WebPage","@id":"https:\/\/zmijanje.design\/bs\/prodavnica\/vrelo-srebrne-nausnice-alke-copy\/","url":"https:\/\/zmijanje.design\/bs\/prodavnica\/vrelo-srebrne-nausnice-alke-copy\/","name":"VRELO Srebrne Nau\u0161nice Alke (Copy) &#8226; ZMIJANJE.design","isPartOf":{"@id":"https:\/\/zmijanje.design\/bs\/#website"},"primaryImageOfPage":{"@id":"https:\/\/zmijanje.design\/bs\/prodavnica\/vrelo-srebrne-nausnice-alke-copy\/#primaryimage"},"image":{"@id":"https:\/\/zmijanje.design\/bs\/prodavnica\/vrelo-srebrne-nausnice-alke-copy\/#primaryimage"},"thumbnailUrl":"https:\/\/zmijanje.design\/wp-content\/uploads\/2026\/03\/HM3A9525-scaled.jpg","datePublished":"2026-03-31T07:41:40+00:00","dateModified":"2026-03-31T08:52:20+00:00","description":"Minimalisti\u010dke alke izra\u0111ene od \u010distog srebra sa profinjenim motivom Zmijanjskog veza, kulturnim naslje\u0111em priznatim od strane UNESKO-a.","breadcrumb":{"@id":"https:\/\/zmijanje.design\/bs\/prodavnica\/vrelo-srebrne-nausnice-alke-copy\/#breadcrumb"},"inLanguage":"bs-BA","potentialAction":[{"@type":"ReadAction","target":["https:\/\/zmijanje.design\/bs\/prodavnica\/vrelo-srebrne-nausnice-alke-copy\/"]}]},{"@type":"ImageObject","inLanguage":"bs-BA","@id":"https:\/\/zmijanje.design\/bs\/prodavnica\/vrelo-srebrne-nausnice-alke-copy\/#primaryimage","url":"https:\/\/zmijanje.design\/wp-content\/uploads\/2026\/03\/HM3A9525-scaled.jpg","contentUrl":"https:\/\/zmijanje.design\/wp-content\/uploads\/2026\/03\/HM3A9525-scaled.jpg","width":1707,"height":2560,"caption":"Zmijanje Embroidery inspired Silver Earrings"},{"@type":"BreadcrumbList","@id":"https:\/\/zmijanje.design\/bs\/prodavnica\/vrelo-srebrne-nausnice-alke-copy\/#breadcrumb","itemListElement":[{"@type":"ListItem","position":1,"name":"Po\u010detna","item":"https:\/\/zmijanje.design\/bs\/pocetna\/"},{"@type":"ListItem","position":2,"name":"Proizvodi","item":"https:\/\/zmijanje.design\/bs\/prodavnica\/"},{"@type":"ListItem","position":3,"name":"VRELO Srebrne Nau\u0161nice Alke (Copy)"}]},{"@type":"WebSite","@id":"https:\/\/zmijanje.design\/bs\/#website","url":"https:\/\/zmijanje.design\/bs\/","name":"ZMIJANJE.design","description":"Autenti\u010dno savremeno naslje\u0111e","publisher":{"@id":"https:\/\/zmijanje.design\/bs\/#organization"},"potentialAction":[{"@type":"SearchAction","target":{"@type":"EntryPoint","urlTemplate":"https:\/\/zmijanje.design\/bs\/?s={search_term_string}"},"query-input":{"@type":"PropertyValueSpecification","valueRequired":true,"valueName":"search_term_string"}}],"inLanguage":"bs-BA"},{"@type":"Organization","@id":"https:\/\/zmijanje.design\/bs\/#organization","name":"ZMIJANJE.design","url":"https:\/\/zmijanje.design\/bs\/","logo":{"@type":"ImageObject","inLanguage":"bs-BA","@id":"https:\/\/zmijanje.design\/bs\/#\/schema\/logo\/image\/","url":"https:\/\/zmijanje.design\/wp-content\/uploads\/2025\/03\/ZMIJANJE.design-LOGO-Crni.png","contentUrl":"https:\/\/zmijanje.design\/wp-content\/uploads\/2025\/03\/ZMIJANJE.design-LOGO-Crni.png","width":127,"height":127,"caption":"ZMIJANJE.design"},"image":{"@id":"https:\/\/zmijanje.design\/bs\/#\/schema\/logo\/image\/"},"sameAs":["https:\/\/www.facebook.com\/zmijanje.design\/","https:\/\/www.instagram.com\/zmijanje.design\/","https:\/\/www.pinterest.com\/zmijanjedesign\/","https:\/\/www.youtube.com\/watch?v=9vFj3YOwMM0","https:\/\/www.flickr.com\/photos\/zmijanjedesign\/albums"]}]}},"_links":{"self":[{"href":"https:\/\/zmijanje.design\/bs\/wp-json\/wp\/v2\/product\/148846","targetHints":{"allow":["GET"]}}],"collection":[{"href":"https:\/\/zmijanje.design\/bs\/wp-json\/wp\/v2\/product"}],"about":[{"href":"https:\/\/zmijanje.design\/bs\/wp-json\/wp\/v2\/types\/product"}],"replies":[{"embeddable":true,"href":"https:\/\/zmijanje.design\/bs\/wp-json\/wp\/v2\/comments?post=148846"}],"wp:featuredmedia":[{"embeddable":true,"href":"https:\/\/zmijanje.design\/bs\/wp-json\/wp\/v2\/media\/148860"}],"wp:attachment":[{"href":"https:\/\/zmijanje.design\/bs\/wp-json\/wp\/v2\/media?parent=148846"}],"wp:term":[{"taxonomy":"product_brand","embeddable":true,"href":"https:\/\/zmijanje.design\/bs\/wp-json\/wp\/v2\/product_brand?post=148846"},{"taxonomy":"product_cat","embeddable":true,"href":"https:\/\/zmijanje.design\/bs\/wp-json\/wp\/v2\/product_cat?post=148846"},{"taxonomy":"product_tag","embeddable":true,"href":"https:\/\/zmijanje.design\/bs\/wp-json\/wp\/v2\/product_tag?post=148846"}],"curies":[{"name":"wp","href":"https:\/\/api.w.org\/{rel}","templated":true}]}}